{"id":104,"date":"2015-03-06T12:17:54","date_gmt":"2015-03-06T11:17:54","guid":{"rendered":"http:\/\/picotee.de\/blog\/?page_id=104"},"modified":"2019-10-02T15:47:30","modified_gmt":"2019-10-02T13:47:30","slug":"impressum","status":"publish","type":"page","link":"http:\/\/picotee.de\/blog\/impressum\/","title":{"rendered":"Impressum \/ Disclaimer"},"content":{"rendered":"<h2 id=\"m46\">Diensteanbieter<\/h2>\n<p>Katharina Hilpert<\/p>\n<p>20357 Hamburg<\/p>\n<ul class=\"m-elements\"><\/ul>\n<h2 id=\"m56\">Kontaktm\u00f6glichkeiten<\/h2>\n<p><strong>E-Mail-Adresse<\/strong>: <a href=\"mailto:info@picotee.de\">info@picotee.de<\/a><\/p>\n<h2 id=\"m154\">Journalistisch-redaktionelle Angebote<\/h2>\n<p><strong>Inhaltlich verantwortlich<\/strong>: Katharina Hilpert<\/p>\n<h2 id=\"m172\">Social Media und andere Onlinepr\u00e4senzen<\/h2>\n<p><strong>Dieses Impressum gilt auch f\u00fcr die folgenden Social-Media-Pr\u00e4senzen und Onlineprofile<\/strong>:<\/p>\n<p><a href=\"https:\/\/www.facebook.com\/picoteeblog\/\" target=\"_blank\" rel=\"noopener noreferrer\">https:\/\/www.facebook.com\/picoteeblog\/<\/a><\/p>\n<p><a href=\"https:\/\/www.pinterest.de\/picoteeblog\/\" target=\"_blank\" rel=\"noopener noreferrer\">https:\/\/www.pinterest.de\/picoteeblog\/<\/a><\/p>\n<p><a href=\"https:\/\/www.instagram.com\/picoteeblog\/\" target=\"_blank\" rel=\"noopener noreferrer\">https:\/\/www.instagram.com\/picoteeblog\/<\/a><\/p>\n<h2 id=\"m65\">Haftungs- und Urheberrechtshinweise<\/h2>\n<p><strong>Haftungsausschluss<\/strong>: Die Inhalte dieses Onlineangebotes wurden sorgf\u00e4ltig und nach unserem aktuellen Kenntnisstand erstellt, dienen jedoch nur der Information und entfalten keine rechtlich bindende Wirkung, sofern es sich nicht um gesetzlich verpflichtende Informationen (z.B. das Impressum, die Datenschutzerkl\u00e4rung, AGB oder Widerrufsbelehrungen f\u00fcr Verbraucher) handelt. Wir behalten uns vor, die Inhalte vollst\u00e4ndig oder teilweise zu \u00e4ndern oder zu l\u00f6schen, soweit vertragliche Verpflichtungen unber\u00fchrt bleiben. Alle Angebote sind freibleibend und unverbindlich.<\/p>\n<p><strong>Links auf fremde Webseiten<\/strong>: Inhalte fremder Webseiten, auf die wir direkt oder indirekt verweisen, liegen au\u00dferhalb unseres Verantwortungsbereiches und machen wir uns nicht zu Eigen. F\u00fcr alle Inhalte und insbesondere f\u00fcr Sch\u00e4den, die aus der Nutzung der in den verlinkten Webseiten aufrufbaren Informationen entstehen, haftet allein der Anbieter der verlinkten Webseiten.<\/p>\n<p><strong>Urheberrechte und Markenrechte<\/strong>: Alle auf dieser Website dargestellten Inhalte, wie Texte, Fotografien, Grafiken, Marken und Warenzeichen sind durch die jeweiligen Schutzrechte (Urheberrechte, Markenrechte) gesch\u00fctzt. Die Verwendung, Vervielf\u00e4ltigung usw. unterliegen unseren Rechten oder den Rechten der jeweiligen Urheber bzw. Rechteverwalter.<\/p>\n<p><strong>Hinweise auf Rechtsverst\u00f6\u00dfe<\/strong>: Sollten Sie innerhalb unseres Internetauftritts Rechtsverst\u00f6\u00dfe bemerken, bitten wir Sie uns auf diese hinzuweisen. Wir werden rechtswidrige Inhalte und Links nach Kenntnisnahme unverz\u00fcglich entfernen.<\/p>\n<p class=\"seal\"><a href=\"https:\/\/datenschutz-generator.de\/?l=de\" title=\"Rechtstext von Dr. Schwenke - f\u00fcr weitere Informationen bitte anklicken.\" target=\"_blank\" rel=\"noopener noreferrer\">Erstellt mit Datenschutz-Generator.de von Dr. jur. Thomas Schwenke<\/a><\/p>\n","protected":false},"excerpt":{"rendered":"<p>Diensteanbieter Katharina Hilpert 20357 Hamburg Kontaktm\u00f6glichkeiten E-Mail-Adresse: info@picotee.de Journalistisch-redaktionelle Angebote Inhaltlich verantwortlich: Katharina Hilpert Social Media und andere Onlinepr\u00e4senzen Dieses Impressum gilt auch f\u00fcr die folgenden Social-Media-Pr\u00e4senzen und Onlineprofile: https:\/\/www.facebook.com\/picoteeblog\/ https:\/\/www.pinterest.de\/picoteeblog\/ https:\/\/www.instagram.com\/picoteeblog\/ Haftungs- und Urheberrechtshinweise Haftungsausschluss: Die Inhalte dieses Onlineangebotes wurden sorgf\u00e4ltig und nach unserem aktuellen Kenntnisstand erstellt, dienen jedoch nur der Information und entfalten keine rechtlich bindende Wirkung, sofern es sich nicht um gesetzlich verpflichtende Informationen (z.B. das Impressum, die Datenschutzerkl\u00e4rung, AGB oder Widerrufsbelehrungen f\u00fcr Verbraucher) handelt. Wir behalten uns vor, die Inhalte vollst\u00e4ndig oder teilweise zu \u00e4ndern oder zu l\u00f6schen, soweit vertragliche Verpflichtungen unber\u00fchrt bleiben. Alle Angebote sind freibleibend und unverbindlich. Links auf fremde Webseiten: Inhalte fremder Webseiten, auf die wir direkt oder indirekt verweisen, liegen au\u00dferhalb unseres Verantwortungsbereiches und machen wir uns nicht zu Eigen. F\u00fcr alle Inhalte und insbesondere f\u00fcr Sch\u00e4den, die aus der Nutzung der in den verlinkten Webseiten aufrufbaren Informationen entstehen, haftet allein der Anbieter der verlinkten Webseiten. Urheberrechte und Markenrechte: Alle auf dieser Website dargestellten Inhalte, wie Texte, Fotografien, Grafiken, Marken und Warenzeichen sind durch die jeweiligen Schutzrechte (Urheberrechte, Markenrechte) gesch\u00fctzt. Die Verwendung, Vervielf\u00e4ltigung usw. unterliegen unseren Rechten oder den Rechten der jeweiligen Urheber bzw. Rechteverwalter. Hinweise auf Rechtsverst\u00f6\u00dfe: Sollten Sie innerhalb unseres [&hellip;]<\/p>\n","protected":false},"author":2,"featured_media":0,"parent":0,"menu_order":0,"comment_status":"closed","ping_status":"closed","template":"","meta":{"spay_email":""},"yoast_head":"<!-- This site is optimized with the Yoast SEO plugin v16.9 - https:\/\/yoast.com\/wordpress\/plugins\/seo\/ -->\n<meta name=\"robots\" content=\"noindex, nofollow\" \/>\n<meta property=\"og:locale\" content=\"de_DE\" \/>\n<meta property=\"og:type\" content=\"article\" \/>\n<meta property=\"og:title\" content=\"Impressum \/ Disclaimer - picotee\" \/>\n<meta property=\"og:description\" content=\"Diensteanbieter Katharina Hilpert 20357 Hamburg Kontaktm\u00f6glichkeiten E-Mail-Adresse: info@picotee.de Journalistisch-redaktionelle Angebote Inhaltlich verantwortlich: Katharina Hilpert Social Media und andere Onlinepr\u00e4senzen Dieses Impressum gilt auch f\u00fcr die folgenden Social-Media-Pr\u00e4senzen und Onlineprofile: https:\/\/www.facebook.com\/picoteeblog\/ https:\/\/www.pinterest.de\/picoteeblog\/ https:\/\/www.instagram.com\/picoteeblog\/ Haftungs- und Urheberrechtshinweise Haftungsausschluss: Die Inhalte dieses Onlineangebotes wurden sorgf\u00e4ltig und nach unserem aktuellen Kenntnisstand erstellt, dienen jedoch nur der Information und entfalten keine rechtlich bindende Wirkung, sofern es sich nicht um gesetzlich verpflichtende Informationen (z.B. das Impressum, die Datenschutzerkl\u00e4rung, AGB oder Widerrufsbelehrungen f\u00fcr Verbraucher) handelt. Wir behalten uns vor, die Inhalte vollst\u00e4ndig oder teilweise zu \u00e4ndern oder zu l\u00f6schen, soweit vertragliche Verpflichtungen unber\u00fchrt bleiben. Alle Angebote sind freibleibend und unverbindlich. Links auf fremde Webseiten: Inhalte fremder Webseiten, auf die wir direkt oder indirekt verweisen, liegen au\u00dferhalb unseres Verantwortungsbereiches und machen wir uns nicht zu Eigen. F\u00fcr alle Inhalte und insbesondere f\u00fcr Sch\u00e4den, die aus der Nutzung der in den verlinkten Webseiten aufrufbaren Informationen entstehen, haftet allein der Anbieter der verlinkten Webseiten. Urheberrechte und Markenrechte: Alle auf dieser Website dargestellten Inhalte, wie Texte, Fotografien, Grafiken, Marken und Warenzeichen sind durch die jeweiligen Schutzrechte (Urheberrechte, Markenrechte) gesch\u00fctzt. Die Verwendung, Vervielf\u00e4ltigung usw. unterliegen unseren Rechten oder den Rechten der jeweiligen Urheber bzw. Rechteverwalter. Hinweise auf Rechtsverst\u00f6\u00dfe: Sollten Sie innerhalb unseres [&hellip;]\" \/>\n<meta property=\"og:url\" content=\"http:\/\/picotee.de\/blog\/impressum\/\" \/>\n<meta property=\"og:site_name\" content=\"picotee\" \/>\n<meta property=\"article:publisher\" content=\"https:\/\/www.facebook.com\/picoteeblog\" \/>\n<meta property=\"article:modified_time\" content=\"2019-10-02T13:47:30+00:00\" \/>\n<meta name=\"twitter:card\" content=\"summary\" \/>\n<meta name=\"twitter:label1\" content=\"Gesch\u00e4tzte Lesezeit\" \/>\n\t<meta name=\"twitter:data1\" content=\"1\u00a0Minute\" \/>\n<script type=\"application\/ld+json\" class=\"yoast-schema-graph\">{\"@context\":\"https:\/\/schema.org\",\"@graph\":[{\"@type\":\"WebSite\",\"@id\":\"https:\/\/picotee.de\/blog\/#website\",\"url\":\"https:\/\/picotee.de\/blog\/\",\"name\":\"picotee\",\"description\":\"\",\"potentialAction\":[{\"@type\":\"SearchAction\",\"target\":{\"@type\":\"EntryPoint\",\"urlTemplate\":\"https:\/\/picotee.de\/blog\/?s={search_term_string}\"},\"query-input\":\"required name=search_term_string\"}],\"inLanguage\":\"de\"},{\"@type\":\"WebPage\",\"@id\":\"http:\/\/picotee.de\/blog\/impressum\/#webpage\",\"url\":\"http:\/\/picotee.de\/blog\/impressum\/\",\"name\":\"Impressum \/ Disclaimer - picotee\",\"isPartOf\":{\"@id\":\"https:\/\/picotee.de\/blog\/#website\"},\"datePublished\":\"2015-03-06T11:17:54+00:00\",\"dateModified\":\"2019-10-02T13:47:30+00:00\",\"breadcrumb\":{\"@id\":\"http:\/\/picotee.de\/blog\/impressum\/#breadcrumb\"},\"inLanguage\":\"de\",\"potentialAction\":[{\"@type\":\"ReadAction\",\"target\":[\"http:\/\/picotee.de\/blog\/impressum\/\"]}]},{\"@type\":\"BreadcrumbList\",\"@id\":\"http:\/\/picotee.de\/blog\/impressum\/#breadcrumb\",\"itemListElement\":[{\"@type\":\"ListItem\",\"position\":1,\"name\":\"Home\",\"item\":\"https:\/\/picotee.de\/blog\/\"},{\"@type\":\"ListItem\",\"position\":2,\"name\":\"Impressum \/ Disclaimer\"}]}]}<\/script>\n<!-- \/ Yoast SEO plugin. -->","yoast_head_json":{"robots":{"index":"noindex","follow":"nofollow"},"og_locale":"de_DE","og_type":"article","og_title":"Impressum \/ Disclaimer - picotee","og_description":"Diensteanbieter Katharina Hilpert 20357 Hamburg Kontaktm\u00f6glichkeiten E-Mail-Adresse: info@picotee.de Journalistisch-redaktionelle Angebote Inhaltlich verantwortlich: Katharina Hilpert Social Media und andere Onlinepr\u00e4senzen Dieses Impressum gilt auch f\u00fcr die folgenden Social-Media-Pr\u00e4senzen und Onlineprofile: https:\/\/www.facebook.com\/picoteeblog\/ https:\/\/www.pinterest.de\/picoteeblog\/ https:\/\/www.instagram.com\/picoteeblog\/ Haftungs- und Urheberrechtshinweise Haftungsausschluss: Die Inhalte dieses Onlineangebotes wurden sorgf\u00e4ltig und nach unserem aktuellen Kenntnisstand erstellt, dienen jedoch nur der Information und entfalten keine rechtlich bindende Wirkung, sofern es sich nicht um gesetzlich verpflichtende Informationen (z.B. das Impressum, die Datenschutzerkl\u00e4rung, AGB oder Widerrufsbelehrungen f\u00fcr Verbraucher) handelt. Wir behalten uns vor, die Inhalte vollst\u00e4ndig oder teilweise zu \u00e4ndern oder zu l\u00f6schen, soweit vertragliche Verpflichtungen unber\u00fchrt bleiben. Alle Angebote sind freibleibend und unverbindlich. Links auf fremde Webseiten: Inhalte fremder Webseiten, auf die wir direkt oder indirekt verweisen, liegen au\u00dferhalb unseres Verantwortungsbereiches und machen wir uns nicht zu Eigen. F\u00fcr alle Inhalte und insbesondere f\u00fcr Sch\u00e4den, die aus der Nutzung der in den verlinkten Webseiten aufrufbaren Informationen entstehen, haftet allein der Anbieter der verlinkten Webseiten. Urheberrechte und Markenrechte: Alle auf dieser Website dargestellten Inhalte, wie Texte, Fotografien, Grafiken, Marken und Warenzeichen sind durch die jeweiligen Schutzrechte (Urheberrechte, Markenrechte) gesch\u00fctzt. Die Verwendung, Vervielf\u00e4ltigung usw. unterliegen unseren Rechten oder den Rechten der jeweiligen Urheber bzw. Rechteverwalter. Hinweise auf Rechtsverst\u00f6\u00dfe: Sollten Sie innerhalb unseres [&hellip;]","og_url":"http:\/\/picotee.de\/blog\/impressum\/","og_site_name":"picotee","article_publisher":"https:\/\/www.facebook.com\/picoteeblog","article_modified_time":"2019-10-02T13:47:30+00:00","twitter_card":"summary","twitter_misc":{"Gesch\u00e4tzte Lesezeit":"1\u00a0Minute"},"schema":{"@context":"https:\/\/schema.org","@graph":[{"@type":"WebSite","@id":"https:\/\/picotee.de\/blog\/#website","url":"https:\/\/picotee.de\/blog\/","name":"picotee","description":"","potentialAction":[{"@type":"SearchAction","target":{"@type":"EntryPoint","urlTemplate":"https:\/\/picotee.de\/blog\/?s={search_term_string}"},"query-input":"required name=search_term_string"}],"inLanguage":"de"},{"@type":"WebPage","@id":"http:\/\/picotee.de\/blog\/impressum\/#webpage","url":"http:\/\/picotee.de\/blog\/impressum\/","name":"Impressum \/ Disclaimer - picotee","isPartOf":{"@id":"https:\/\/picotee.de\/blog\/#website"},"datePublished":"2015-03-06T11:17:54+00:00","dateModified":"2019-10-02T13:47:30+00:00","breadcrumb":{"@id":"http:\/\/picotee.de\/blog\/impressum\/#breadcrumb"},"inLanguage":"de","potentialAction":[{"@type":"ReadAction","target":["http:\/\/picotee.de\/blog\/impressum\/"]}]},{"@type":"BreadcrumbList","@id":"http:\/\/picotee.de\/blog\/impressum\/#breadcrumb","itemListElement":[{"@type":"ListItem","position":1,"name":"Home","item":"https:\/\/picotee.de\/blog\/"},{"@type":"ListItem","position":2,"name":"Impressum \/ Disclaimer"}]}]}},"_links":{"self":[{"href":"http:\/\/picotee.de\/blog\/wp-json\/wp\/v2\/pages\/104"}],"collection":[{"href":"http:\/\/picotee.de\/blog\/wp-json\/wp\/v2\/pages"}],"about":[{"href":"http:\/\/picotee.de\/blog\/wp-json\/wp\/v2\/types\/page"}],"author":[{"embeddable":true,"href":"http:\/\/picotee.de\/blog\/wp-json\/wp\/v2\/users\/2"}],"replies":[{"embeddable":true,"href":"http:\/\/picotee.de\/blog\/wp-json\/wp\/v2\/comments?post=104"}],"version-history":[{"count":16,"href":"http:\/\/picotee.de\/blog\/wp-json\/wp\/v2\/pages\/104\/revisions"}],"predecessor-version":[{"id":1376,"href":"http:\/\/picotee.de\/blog\/wp-json\/wp\/v2\/pages\/104\/revisions\/1376"}],"wp:attachment":[{"href":"http:\/\/picotee.de\/blog\/wp-json\/wp\/v2\/media?parent=104"}],"curies":[{"name":"wp","href":"https:\/\/api.w.org\/{rel}","templated":true}]}}